{"id":139,"date":"2023-08-03T17:39:00","date_gmt":"2023-08-03T17:39:00","guid":{"rendered":"https:\/\/tornellihme.com\/?page_id=139"},"modified":"2023-09-21T20:28:10","modified_gmt":"2023-09-21T20:28:10","slug":"alta-y-media-montana","status":"publish","type":"page","link":"https:\/\/tornellihme.com\/index.php\/alta-y-media-montana\/","title":{"rendered":"Alta-media monta\u00f1a"},"content":{"rendered":"\t\t<div data-elementor-type=\"wp-page\" data-elementor-id=\"139\" class=\"elementor elementor-139\">\n\t\t\t\t\t\t\t\t\t<section class=\"elementor-section elementor-top-section elementor-element elementor-element-853aca3 elementor-section-boxed elementor-section-height-default elementor-section-height-default\" data-id=\"853aca3\" data-element_type=\"section\">\n\t\t\t\t\t\t<div class=\"elementor-container elementor-column-gap-default\">\n\t\t\t\t\t<div class=\"elementor-column elementor-col-100 elementor-top-column elementor-element elementor-element-89c508d\" data-id=\"89c508d\" data-element_type=\"column\">\n\t\t\t<div class=\"elementor-widget-wrap elementor-element-populated\">\n\t\t\t\t\t\t\t\t<div class=\"elementor-element elementor-element-dafd04b elementor-widget elementor-widget-heading\" data-id=\"dafd04b\" data-element_type=\"widget\" data-widget_type=\"heading.default\">\n\t\t\t\t<div class=\"elementor-widget-container\">\n\t\t\t<style>\/*! elementor - v3.14.0 - 26-06-2023 *\/\n.elementor-heading-title{padding:0;margin:0;line-height:1}.elementor-widget-heading .elementor-heading-title[class*=elementor-size-]>a{color:inherit;font-size:inherit;line-height:inherit}.elementor-widget-heading .elementor-heading-title.elementor-size-small{font-size:15px}.elementor-widget-heading .elementor-heading-title.elementor-size-medium{font-size:19px}.elementor-widget-heading .elementor-heading-title.elementor-size-large{font-size:29px}.elementor-widget-heading .elementor-heading-title.elementor-size-xl{font-size:39px}.elementor-widget-heading .elementor-heading-title.elementor-size-xxl{font-size:59px}<\/style><h2 class=\"elementor-heading-title elementor-size-default\">Diferencias entre alta y media monta\u00f1a<\/h2>\t\t<\/div>\n\t\t\t\t<\/div>\n\t\t\t\t\t<\/div>\n\t\t<\/div>\n\t\t\t\t\t\t\t<\/div>\n\t\t<\/section>\n\t\t\t\t<section class=\"elementor-section elementor-top-section elementor-element elementor-element-e70cfab elementor-section-boxed elementor-section-height-default elementor-section-height-default\" data-id=\"e70cfab\" data-element_type=\"section\">\n\t\t\t\t\t\t<div class=\"elementor-container elementor-column-gap-default\">\n\t\t\t\t\t<div class=\"elementor-column elementor-col-100 elementor-top-column elementor-element elementor-element-e4823cc\" data-id=\"e4823cc\" data-element_type=\"column\">\n\t\t\t<div class=\"elementor-widget-wrap elementor-element-populated\">\n\t\t\t\t\t\t\t\t<div class=\"elementor-element elementor-element-40e133e elementor-widget elementor-widget-text-editor\" data-id=\"40e133e\" data-element_type=\"widget\" data-widget_type=\"text-editor.default\">\n\t\t\t\t<div class=\"elementor-widget-container\">\n\t\t\t<style>\/*! elementor - v3.14.0 - 26-06-2023 *\/\n.elementor-widget-text-editor.elementor-drop-cap-view-stacked .elementor-drop-cap{background-color:#69727d;color:#fff}.elementor-widget-text-editor.elementor-drop-cap-view-framed .elementor-drop-cap{color:#69727d;border:3px solid;background-color:transparent}.elementor-widget-text-editor:not(.elementor-drop-cap-view-default) .elementor-drop-cap{margin-top:8px}.elementor-widget-text-editor:not(.elementor-drop-cap-view-default) .elementor-drop-cap-letter{width:1em;height:1em}.elementor-widget-text-editor .elementor-drop-cap{float:left;text-align:center;line-height:1;font-size:50px}.elementor-widget-text-editor .elementor-drop-cap-letter{display:inline-block}<\/style>\t\t\t\t<p>Las diferencias entre alta monta\u00f1a y media monta\u00f1a se relacionan principalmente con la altitud, el clima, la vegetaci\u00f3n y la topograf\u00eda de cada tipo de entorno monta\u00f1oso. Las principales diferencias entre alta monta\u00f1a y media monta\u00f1a incluyen lo siguiente:<\/p>\t\t\t\t\t\t<\/div>\n\t\t\t\t<\/div>\n\t\t\t\t\t<\/div>\n\t\t<\/div>\n\t\t\t\t\t\t\t<\/div>\n\t\t<\/section>\n\t\t\t\t<section class=\"elementor-section elementor-top-section elementor-element elementor-element-b762098 elementor-section-boxed elementor-section-height-default elementor-section-height-default\" data-id=\"b762098\" data-element_type=\"section\">\n\t\t\t\t\t\t<div class=\"elementor-container elementor-column-gap-default\">\n\t\t\t\t\t<div class=\"elementor-column elementor-col-50 elementor-top-column elementor-element elementor-element-e605da7\" data-id=\"e605da7\" data-element_type=\"column\">\n\t\t\t<div class=\"elementor-widget-wrap elementor-element-populated\">\n\t\t\t\t\t\t\t\t<div class=\"elementor-element elementor-element-6c86f5e elementor-widget elementor-widget-image\" data-id=\"6c86f5e\" data-element_type=\"widget\" data-widget_type=\"image.default\">\n\t\t\t\t<div class=\"elementor-widget-container\">\n\t\t\t<style>\/*! elementor - v3.14.0 - 26-06-2023 *\/\n.elementor-widget-image{text-align:center}.elementor-widget-image a{display:inline-block}.elementor-widget-image a img[src$=\".svg\"]{width:48px}.elementor-widget-image img{vertical-align:middle;display:inline-block}<\/style>\t\t\t\t\t\t\t\t\t\t\t\t<img decoding=\"async\" width=\"768\" height=\"576\" src=\"https:\/\/tornellihme.com\/wp-content\/uploads\/2023\/09\/70BBF490-72ED-4024-9C4E-84535AEB35C6_1_105_c-768x576-1.jpeg\" class=\"attachment-large size-large wp-image-562\" alt=\"\" loading=\"lazy\" srcset=\"https:\/\/tornellihme.com\/wp-content\/uploads\/2023\/09\/70BBF490-72ED-4024-9C4E-84535AEB35C6_1_105_c-768x576-1.jpeg 768w, https:\/\/tornellihme.com\/wp-content\/uploads\/2023\/09\/70BBF490-72ED-4024-9C4E-84535AEB35C6_1_105_c-768x576-1-300x225.jpeg 300w\" sizes=\"(max-width: 768px) 100vw, 768px\" \/>\t\t\t\t\t\t\t\t\t\t\t\t\t\t\t<\/div>\n\t\t\t\t<\/div>\n\t\t\t\t\t<\/div>\n\t\t<\/div>\n\t\t\t\t<div class=\"elementor-column elementor-col-50 elementor-top-column elementor-element elementor-element-369cfc4\" data-id=\"369cfc4\" data-element_type=\"column\">\n\t\t\t<div class=\"elementor-widget-wrap elementor-element-populated\">\n\t\t\t\t\t\t\t\t<div class=\"elementor-element elementor-element-44f58f9 elementor-widget elementor-widget-image\" data-id=\"44f58f9\" data-element_type=\"widget\" data-widget_type=\"image.default\">\n\t\t\t\t<div class=\"elementor-widget-container\">\n\t\t\t\t\t\t\t\t\t\t\t\t\t\t\t<img decoding=\"async\" width=\"1024\" height=\"768\" src=\"https:\/\/tornellihme.com\/wp-content\/uploads\/2023\/09\/IMG_20220123_084711-1024x768.jpg\" class=\"attachment-large size-large wp-image-761\" alt=\"\" loading=\"lazy\" srcset=\"https:\/\/tornellihme.com\/wp-content\/uploads\/2023\/09\/IMG_20220123_084711-1024x768.jpg 1024w, https:\/\/tornellihme.com\/wp-content\/uploads\/2023\/09\/IMG_20220123_084711-300x225.jpg 300w, https:\/\/tornellihme.com\/wp-content\/uploads\/2023\/09\/IMG_20220123_084711-768x576.jpg 768w, https:\/\/tornellihme.com\/wp-content\/uploads\/2023\/09\/IMG_20220123_084711-1536x1152.jpg 1536w, https:\/\/tornellihme.com\/wp-content\/uploads\/2023\/09\/IMG_20220123_084711-2048x1536.jpg 2048w, https:\/\/tornellihme.com\/wp-content\/uploads\/2023\/09\/IMG_20220123_084711-1320x990.jpg 1320w\" sizes=\"(max-width: 1024px) 100vw, 1024px\" \/>\t\t\t\t\t\t\t\t\t\t\t\t\t\t\t<\/div>\n\t\t\t\t<\/div>\n\t\t\t\t\t<\/div>\n\t\t<\/div>\n\t\t\t\t\t\t\t<\/div>\n\t\t<\/section>\n\t\t\t\t<section class=\"elementor-section elementor-top-section elementor-element elementor-element-f43f6b3 elementor-section-boxed elementor-section-height-default elementor-section-height-default\" data-id=\"f43f6b3\" data-element_type=\"section\">\n\t\t\t\t\t\t<div class=\"elementor-container elementor-column-gap-default\">\n\t\t\t\t\t<div class=\"elementor-column elementor-col-100 elementor-top-column elementor-element elementor-element-e300a72\" data-id=\"e300a72\" data-element_type=\"column\">\n\t\t\t<div class=\"elementor-widget-wrap elementor-element-populated\">\n\t\t\t\t\t\t\t\t<div class=\"elementor-element elementor-element-77eaf4c elementor-widget elementor-widget-text-editor\" data-id=\"77eaf4c\" data-element_type=\"widget\" data-widget_type=\"text-editor.default\">\n\t\t\t\t<div class=\"elementor-widget-container\">\n\t\t\t\t\t\t\t<p><strong>ALTITUD:<\/strong><\/p><p><strong>Alta monta\u00f1a:<\/strong> Se refiere a regiones ubicadas en altitudes m\u00e1s elevadas, generalmente por encima del l\u00edmite del bosque (la altitud a la cual los \u00e1rboles dejan de crecer debido a las condiciones clim\u00e1ticas extremas). Esto puede variar seg\u00fan la ubicaci\u00f3n geogr\u00e1fica, pero en general, puede comenzar alrededor de los 2,500 metros sobre el nivel del mar o m\u00e1s.<\/p><p><strong>Media monta\u00f1a:<\/strong> Las \u00e1reas de media monta\u00f1a se encuentran a altitudes intermedias entre las tierras bajas y las altas monta\u00f1as. Pueden oscilar entre algunos cientos de metros y hasta aproximadamente 2,500 metros sobre el nivel del mar.<\/p><p><strong>CLIMA:<\/strong><\/p><p><strong>Alta monta\u00f1a:<\/strong> Las zonas de alta monta\u00f1a suelen tener un clima m\u00e1s extremo y fr\u00edo debido a la altitud. Las temperaturas pueden ser bajas durante gran parte del a\u00f1o, y pueden experimentar condiciones clim\u00e1ticas impredecibles, como tormentas de nieve y vientos fuertes.<\/p><p><strong>Media monta\u00f1a:<\/strong> El clima de media monta\u00f1a es generalmente m\u00e1s suave que en las altas monta\u00f1as, aunque todav\u00eda puede haber variaciones significativas dependiendo de la temporada. Las temperaturas suelen ser m\u00e1s moderadas, y las condiciones clim\u00e1ticas son m\u00e1s predecibles.<\/p><p><strong>VEGETACI\u00d3N:<\/strong><\/p><p><strong>Alta monta\u00f1a:<\/strong> La vegetaci\u00f3n en la alta monta\u00f1a tiende a ser escasa debido a las condiciones extremas. Por encima del l\u00edmite del bosque, solo pueden encontrarse plantas resistentes y adaptadas a las bajas temperaturas y al suelo rocoso.<\/p><p><strong>Media monta\u00f1a:<\/strong> Las \u00e1reas de media monta\u00f1a pueden albergar una mayor variedad de vegetaci\u00f3n, incluyendo bosques y praderas. Estas \u00e1reas suelen ser m\u00e1s f\u00e9rtiles y pueden mantener una mayor diversidad de especies de plantas y animales.<\/p><p><strong>TOPOGRAF\u00cdA:<\/strong><\/p><p><strong>Alta monta\u00f1a:<\/strong> La topograf\u00eda de la alta monta\u00f1a tiende a ser m\u00e1s empinada y escarpada, con picos afilados y crestas rocosas. Las monta\u00f1as altas pueden incluir glaciares, lagos alpinos y formaciones rocosas impresionantes.<\/p><p><strong>Media monta\u00f1a:<\/strong> Las regiones de media monta\u00f1a pueden tener una topograf\u00eda m\u00e1s suave y gradual en comparaci\u00f3n con las altas monta\u00f1as. Las laderas pueden ser menos pronunciadas, y es posible encontrar valles m\u00e1s extensos y terrenos ondulados.<\/p><p>En resumen, las diferencias principales entre alta monta\u00f1a y media monta\u00f1a radican en la altitud, el clima, la vegetaci\u00f3n y la topograf\u00eda. Ambos entornos monta\u00f1osos ofrecen experiencias \u00fanicas y oportunidades para actividades al aire libre, y cada uno presenta desaf\u00edos y bellezas distintas. Es esencial estar preparado y tener en cuenta las condiciones espec\u00edficas de cada tipo de monta\u00f1a al planificar cualquier actividad en estas \u00e1reas.<\/p>\t\t\t\t\t\t<\/div>\n\t\t\t\t<\/div>\n\t\t\t\t\t<\/div>\n\t\t<\/div>\n\t\t\t\t\t\t\t<\/div>\n\t\t<\/section>\n\t\t\t\t<section class=\"elementor-section elementor-top-section elementor-element elementor-element-7b7faf5 elementor-section-boxed elementor-section-height-default elementor-section-height-default\" data-id=\"7b7faf5\" data-element_type=\"section\">\n\t\t\t\t\t\t<div class=\"elementor-container elementor-column-gap-default\">\n\t\t\t\t\t<div class=\"elementor-column elementor-col-50 elementor-top-column elementor-element elementor-element-a984879\" data-id=\"a984879\" data-element_type=\"column\">\n\t\t\t<div class=\"elementor-widget-wrap elementor-element-populated\">\n\t\t\t\t\t\t\t\t<div class=\"elementor-element elementor-element-6a51308 elementor-widget elementor-widget-button\" data-id=\"6a51308\" data-element_type=\"widget\" data-widget_type=\"button.default\">\n\t\t\t\t<div class=\"elementor-widget-container\">\n\t\t\t\t\t<div class=\"elementor-button-wrapper\">\n\t\t\t<a class=\"elementor-button elementor-button-link elementor-size-md\" href=\"https:\/\/tornellihme.com\/index.php\/entrenamiento\/\">\n\t\t\t\t\t\t<span class=\"elementor-button-content-wrapper\">\n\t\t\t\t\t\t<span class=\"elementor-button-text\">ENTRENAMIENTO PERSONALIZADO<\/span>\n\t\t<\/span>\n\t\t\t\t\t<\/a>\n\t\t<\/div>\n\t\t\t\t<\/div>\n\t\t\t\t<\/div>\n\t\t\t\t\t<\/div>\n\t\t<\/div>\n\t\t\t\t<div class=\"elementor-column elementor-col-50 elementor-top-column elementor-element elementor-element-9a2be1b\" data-id=\"9a2be1b\" data-element_type=\"column\">\n\t\t\t<div class=\"elementor-widget-wrap elementor-element-populated\">\n\t\t\t\t\t\t\t\t<div class=\"elementor-element elementor-element-464e85d elementor-widget elementor-widget-button\" data-id=\"464e85d\" data-element_type=\"widget\" data-widget_type=\"button.default\">\n\t\t\t\t<div class=\"elementor-widget-container\">\n\t\t\t\t\t<div class=\"elementor-button-wrapper\">\n\t\t\t<a class=\"elementor-button elementor-button-link elementor-size-md\" href=\"https:\/\/tornellihme.com\/index.php\/proximas-salidas-2\/\">\n\t\t\t\t\t\t<span class=\"elementor-button-content-wrapper\">\n\t\t\t\t\t\t<span class=\"elementor-button-text\">PR\u00d3XIMAS SALIDAS<\/span>\n\t\t<\/span>\n\t\t\t\t\t<\/a>\n\t\t<\/div>\n\t\t\t\t<\/div>\n\t\t\t\t<\/div>\n\t\t\t\t\t<\/div>\n\t\t<\/div>\n\t\t\t\t\t\t\t<\/div>\n\t\t<\/section>\n\t\t\t\t\t\t\t<\/div>\n\t\t","protected":false},"excerpt":{"rendered":"<p>Diferencias entre alta y media monta\u00f1a Las diferencias entre alta monta\u00f1a y media monta\u00f1a se relacionan principalmente con la altitud, el clima, la vegetaci\u00f3n y la topograf\u00eda de cada tipo de entorno monta\u00f1oso. Las principales diferencias entre alta monta\u00f1a y media monta\u00f1a incluyen lo siguiente: ALTITUD: Alta monta\u00f1a: Se refiere a regiones ubicadas en altitudes [&hellip;]<\/p>\n","protected":false},"author":1,"featured_media":0,"parent":0,"menu_order":0,"comment_status":"closed","ping_status":"closed","template":"","meta":[],"_links":{"self":[{"href":"https:\/\/tornellihme.com\/index.php\/wp-json\/wp\/v2\/pages\/139"}],"collection":[{"href":"https:\/\/tornellihme.com\/index.php\/wp-json\/wp\/v2\/pages"}],"about":[{"href":"https:\/\/tornellihme.com\/index.php\/wp-json\/wp\/v2\/types\/page"}],"author":[{"embeddable":true,"href":"https:\/\/tornellihme.com\/index.php\/wp-json\/wp\/v2\/users\/1"}],"replies":[{"embeddable":true,"href":"https:\/\/tornellihme.com\/index.php\/wp-json\/wp\/v2\/comments?post=139"}],"version-history":[{"count":11,"href":"https:\/\/tornellihme.com\/index.php\/wp-json\/wp\/v2\/pages\/139\/revisions"}],"predecessor-version":[{"id":859,"href":"https:\/\/tornellihme.com\/index.php\/wp-json\/wp\/v2\/pages\/139\/revisions\/859"}],"wp:attachment":[{"href":"https:\/\/tornellihme.com\/index.php\/wp-json\/wp\/v2\/media?parent=139"}],"curies":[{"name":"wp","href":"https:\/\/api.w.org\/{rel}","templated":true}]}}