{"id":375,"date":"2023-08-04T03:53:01","date_gmt":"2023-08-04T03:53:01","guid":{"rendered":"https:\/\/tornellihme.com\/?page_id=375"},"modified":"2023-08-04T05:04:40","modified_gmt":"2023-08-04T05:04:40","slug":"coaching","status":"publish","type":"page","link":"https:\/\/tornellihme.com\/index.php\/coaching\/","title":{"rendered":"Coaching"},"content":{"rendered":"\t\t<div data-elementor-type=\"wp-page\" data-elementor-id=\"375\" class=\"elementor elementor-375\">\n\t\t\t\t\t\t\t\t\t<section class=\"elementor-section elementor-top-section elementor-element elementor-element-99e9728 elementor-section-boxed elementor-section-height-default elementor-section-height-default\" data-id=\"99e9728\" data-element_type=\"section\">\n\t\t\t\t\t\t<div class=\"elementor-container elementor-column-gap-default\">\n\t\t\t\t\t<div class=\"elementor-column elementor-col-100 elementor-top-column elementor-element elementor-element-c3598ef\" data-id=\"c3598ef\" data-element_type=\"column\">\n\t\t\t<div class=\"elementor-widget-wrap elementor-element-populated\">\n\t\t\t\t\t\t\t\t<div class=\"elementor-element elementor-element-dee9b7a elementor-widget elementor-widget-heading\" data-id=\"dee9b7a\" data-element_type=\"widget\" data-widget_type=\"heading.default\">\n\t\t\t\t<div class=\"elementor-widget-container\">\n\t\t\t<style>\/*! elementor - v3.14.0 - 26-06-2023 *\/\n.elementor-heading-title{padding:0;margin:0;line-height:1}.elementor-widget-heading .elementor-heading-title[class*=elementor-size-]>a{color:inherit;font-size:inherit;line-height:inherit}.elementor-widget-heading .elementor-heading-title.elementor-size-small{font-size:15px}.elementor-widget-heading .elementor-heading-title.elementor-size-medium{font-size:19px}.elementor-widget-heading .elementor-heading-title.elementor-size-large{font-size:29px}.elementor-widget-heading .elementor-heading-title.elementor-size-xl{font-size:39px}.elementor-widget-heading .elementor-heading-title.elementor-size-xxl{font-size:59px}<\/style><h1 class=\"elementor-heading-title elementor-size-default\">Coaching a trav\u00e9s de la monta\u00f1a<\/h1>\t\t<\/div>\n\t\t\t\t<\/div>\n\t\t\t\t\t<\/div>\n\t\t<\/div>\n\t\t\t\t\t\t\t<\/div>\n\t\t<\/section>\n\t\t\t\t<section class=\"elementor-section elementor-top-section elementor-element elementor-element-5b6582c elementor-section-boxed elementor-section-height-default elementor-section-height-default\" data-id=\"5b6582c\" data-element_type=\"section\">\n\t\t\t\t\t\t<div class=\"elementor-container elementor-column-gap-default\">\n\t\t\t\t\t<div class=\"elementor-column elementor-col-100 elementor-top-column elementor-element elementor-element-2f5c089\" data-id=\"2f5c089\" data-element_type=\"column\">\n\t\t\t<div class=\"elementor-widget-wrap elementor-element-populated\">\n\t\t\t\t\t\t\t\t<div class=\"elementor-element elementor-element-43497b1 elementor-widget elementor-widget-text-editor\" data-id=\"43497b1\" data-element_type=\"widget\" data-widget_type=\"text-editor.default\">\n\t\t\t\t<div class=\"elementor-widget-container\">\n\t\t\t<style>\/*! elementor - v3.14.0 - 26-06-2023 *\/\n.elementor-widget-text-editor.elementor-drop-cap-view-stacked .elementor-drop-cap{background-color:#69727d;color:#fff}.elementor-widget-text-editor.elementor-drop-cap-view-framed .elementor-drop-cap{color:#69727d;border:3px solid;background-color:transparent}.elementor-widget-text-editor:not(.elementor-drop-cap-view-default) .elementor-drop-cap{margin-top:8px}.elementor-widget-text-editor:not(.elementor-drop-cap-view-default) .elementor-drop-cap-letter{width:1em;height:1em}.elementor-widget-text-editor .elementor-drop-cap{float:left;text-align:center;line-height:1;font-size:50px}.elementor-widget-text-editor .elementor-drop-cap-letter{display:inline-block}<\/style>\t\t\t\t<p>Si tu alma es aventurera, te gusta la naturaleza y quieres descubrir algunos de los aspectos que no te permiten desarrollar todo tu potencial, nosotros te acompa\u00f1amos y dise\u00f1amos un programa espec\u00edfico acorde a tus necesidades y a tu experiencia.\u00a0 Nuestras actividades implican un reto a nuestras habilidades mentales, la gesti\u00f3n de nuestras emociones y un reconocimiento de nuestras cualidades f\u00edsicas.<\/p><p>La confrontaci\u00f3n de miedos, temores y bloqueos a trav\u00e9s de la monta\u00f1a es una poderosa experiencia de crecimiento personal que se lleva a cabo utilizando la monta\u00f1a como un escenario para enfrentar y superar los obst\u00e1culos internos que puedan estar limitando el desarrollo y el bienestar personal.<\/p><p>La monta\u00f1a se convierte en una met\u00e1fora poderosa para el proceso de coaching, ya que representa el camino hacia la superaci\u00f3n de obst\u00e1culos, la b\u00fasqueda de nuevas perspectivas y la conquista de alturas m\u00e1s elevadas. Algunos aspectos clave del coaching a trav\u00e9s de la monta\u00f1a incluyen lo siguiente:<\/p>\t\t\t\t\t\t<\/div>\n\t\t\t\t<\/div>\n\t\t\t\t<div class=\"elementor-element elementor-element-e9db074 elementor-align-center elementor-widget elementor-widget-button\" data-id=\"e9db074\" data-element_type=\"widget\" data-widget_type=\"button.default\">\n\t\t\t\t<div class=\"elementor-widget-container\">\n\t\t\t\t\t<div class=\"elementor-button-wrapper\">\n\t\t\t<a class=\"elementor-button elementor-button-link elementor-size-md\" href=\"https:\/\/tornellihme.com\/index.php\/entrenamiento\/\">\n\t\t\t\t\t\t<span class=\"elementor-button-content-wrapper\">\n\t\t\t\t\t\t<span class=\"elementor-button-text\">CONOCE NUESTRO ENTRENAMIENTO PERSONALIZADO<\/span>\n\t\t<\/span>\n\t\t\t\t\t<\/a>\n\t\t<\/div>\n\t\t\t\t<\/div>\n\t\t\t\t<\/div>\n\t\t\t\t\t<\/div>\n\t\t<\/div>\n\t\t\t\t\t\t\t<\/div>\n\t\t<\/section>\n\t\t\t\t<section class=\"elementor-section elementor-top-section elementor-element elementor-element-ce1171c elementor-section-boxed elementor-section-height-default elementor-section-height-default\" data-id=\"ce1171c\" data-element_type=\"section\">\n\t\t\t\t\t\t<div class=\"elementor-container elementor-column-gap-default\">\n\t\t\t\t\t<div class=\"elementor-column elementor-col-100 elementor-top-column elementor-element elementor-element-e4220b6\" data-id=\"e4220b6\" data-element_type=\"column\">\n\t\t\t<div class=\"elementor-widget-wrap elementor-element-populated\">\n\t\t\t\t\t\t\t\t<div class=\"elementor-element elementor-element-8a545ca elementor-position-top elementor-vertical-align-top elementor-widget elementor-widget-image-box\" data-id=\"8a545ca\" data-element_type=\"widget\" data-widget_type=\"image-box.default\">\n\t\t\t\t<div class=\"elementor-widget-container\">\n\t\t\t<style>\/*! elementor - v3.14.0 - 26-06-2023 *\/\n.elementor-widget-image-box .elementor-image-box-content{width:100%}@media (min-width:768px){.elementor-widget-image-box.elementor-position-left .elementor-image-box-wrapper,.elementor-widget-image-box.elementor-position-right .elementor-image-box-wrapper{display:flex}.elementor-widget-image-box.elementor-position-right .elementor-image-box-wrapper{text-align:right;flex-direction:row-reverse}.elementor-widget-image-box.elementor-position-left .elementor-image-box-wrapper{text-align:left;flex-direction:row}.elementor-widget-image-box.elementor-position-top .elementor-image-box-img{margin:auto}.elementor-widget-image-box.elementor-vertical-align-top .elementor-image-box-wrapper{align-items:flex-start}.elementor-widget-image-box.elementor-vertical-align-middle .elementor-image-box-wrapper{align-items:center}.elementor-widget-image-box.elementor-vertical-align-bottom .elementor-image-box-wrapper{align-items:flex-end}}@media (max-width:767px){.elementor-widget-image-box .elementor-image-box-img{margin-left:auto!important;margin-right:auto!important;margin-bottom:15px}}.elementor-widget-image-box .elementor-image-box-img{display:inline-block}.elementor-widget-image-box .elementor-image-box-title a{color:inherit}.elementor-widget-image-box .elementor-image-box-wrapper{text-align:center}.elementor-widget-image-box .elementor-image-box-description{margin:0}<\/style><div class=\"elementor-image-box-wrapper\"><figure class=\"elementor-image-box-img\"><img decoding=\"async\" width=\"2560\" height=\"1182\" src=\"https:\/\/tornellihme.com\/wp-content\/uploads\/2023\/08\/5-1-scaled.jpg\" class=\"attachment-full size-full wp-image-377\" alt=\"\" loading=\"lazy\" srcset=\"https:\/\/tornellihme.com\/wp-content\/uploads\/2023\/08\/5-1-scaled.jpg 2560w, https:\/\/tornellihme.com\/wp-content\/uploads\/2023\/08\/5-1-300x138.jpg 300w, https:\/\/tornellihme.com\/wp-content\/uploads\/2023\/08\/5-1-1024x473.jpg 1024w, https:\/\/tornellihme.com\/wp-content\/uploads\/2023\/08\/5-1-768x354.jpg 768w, https:\/\/tornellihme.com\/wp-content\/uploads\/2023\/08\/5-1-1536x709.jpg 1536w, https:\/\/tornellihme.com\/wp-content\/uploads\/2023\/08\/5-1-2048x945.jpg 2048w\" sizes=\"(max-width: 2560px) 100vw, 2560px\" \/><\/figure><div class=\"elementor-image-box-content\"><h3 class=\"elementor-image-box-title\">Conexi\u00f3n con la naturaleza<\/h3><p class=\"elementor-image-box-description\">La presencia en la monta\u00f1a proporciona un ambiente inspirador y relajante, lo que ayuda a liberar tensiones y a facilitar la apertura emocional. La naturaleza tambi\u00e9n puede servir como un espejo para reflexionar sobre la vida y el proceso de cambio personal.<\/p><\/div><\/div>\t\t<\/div>\n\t\t\t\t<\/div>\n\t\t\t\t<div class=\"elementor-element elementor-element-7d5c72c elementor-position-top elementor-vertical-align-top elementor-widget elementor-widget-image-box\" data-id=\"7d5c72c\" data-element_type=\"widget\" data-widget_type=\"image-box.default\">\n\t\t\t\t<div class=\"elementor-widget-container\">\n\t\t\t<div class=\"elementor-image-box-wrapper\"><figure class=\"elementor-image-box-img\"><img decoding=\"async\" width=\"2560\" height=\"1182\" src=\"https:\/\/tornellihme.com\/wp-content\/uploads\/2023\/08\/20-scaled.jpg\" class=\"attachment-full size-full wp-image-378\" alt=\"\" loading=\"lazy\" srcset=\"https:\/\/tornellihme.com\/wp-content\/uploads\/2023\/08\/20-scaled.jpg 2560w, https:\/\/tornellihme.com\/wp-content\/uploads\/2023\/08\/20-300x138.jpg 300w, https:\/\/tornellihme.com\/wp-content\/uploads\/2023\/08\/20-1024x473.jpg 1024w, https:\/\/tornellihme.com\/wp-content\/uploads\/2023\/08\/20-768x354.jpg 768w, https:\/\/tornellihme.com\/wp-content\/uploads\/2023\/08\/20-1536x709.jpg 1536w, https:\/\/tornellihme.com\/wp-content\/uploads\/2023\/08\/20-2048x945.jpg 2048w\" sizes=\"(max-width: 2560px) 100vw, 2560px\" \/><\/figure><div class=\"elementor-image-box-content\"><h3 class=\"elementor-image-box-title\">Superaci\u00f3n de desafios<\/h3><p class=\"elementor-image-box-description\">Subir una monta\u00f1a implica enfrentar diferentes obst\u00e1culos f\u00edsicos y mentales. Utilizamos estas experiencias para ayudar al cliente a desarrollar habilidades de resiliencia, autoconfianza y enfoque, aplicables tambi\u00e9n a su vida cotidiana.<\/p><\/div><\/div>\t\t<\/div>\n\t\t\t\t<\/div>\n\t\t\t\t<div class=\"elementor-element elementor-element-87a8c18 elementor-position-top elementor-vertical-align-top elementor-widget elementor-widget-image-box\" data-id=\"87a8c18\" data-element_type=\"widget\" data-widget_type=\"image-box.default\">\n\t\t\t\t<div class=\"elementor-widget-container\">\n\t\t\t<div class=\"elementor-image-box-wrapper\"><figure class=\"elementor-image-box-img\"><img decoding=\"async\" width=\"2560\" height=\"1182\" src=\"https:\/\/tornellihme.com\/wp-content\/uploads\/2023\/08\/28-1-scaled.jpg\" class=\"attachment-full size-full wp-image-379\" alt=\"\" loading=\"lazy\" srcset=\"https:\/\/tornellihme.com\/wp-content\/uploads\/2023\/08\/28-1-scaled.jpg 2560w, https:\/\/tornellihme.com\/wp-content\/uploads\/2023\/08\/28-1-300x138.jpg 300w, https:\/\/tornellihme.com\/wp-content\/uploads\/2023\/08\/28-1-1024x473.jpg 1024w, https:\/\/tornellihme.com\/wp-content\/uploads\/2023\/08\/28-1-768x354.jpg 768w, https:\/\/tornellihme.com\/wp-content\/uploads\/2023\/08\/28-1-1536x709.jpg 1536w, https:\/\/tornellihme.com\/wp-content\/uploads\/2023\/08\/28-1-2048x945.jpg 2048w\" sizes=\"(max-width: 2560px) 100vw, 2560px\" \/><\/figure><div class=\"elementor-image-box-content\"><h3 class=\"elementor-image-box-title\">Met\u00e1foras y aprendizajes<\/h3><p class=\"elementor-image-box-description\">Utilizamos el entorno monta\u00f1oso y las experiencias vividas durante la caminata como met\u00e1foras para que nuestros clientes reflexionen sobre sus situaciones de vida actuales y sus objetivos.  La monta\u00f1a se convierte en una fuente de lecciones y aprendizajes pr\u00e1cticos y liberadores.<\/p><\/div><\/div>\t\t<\/div>\n\t\t\t\t<\/div>\n\t\t\t\t<div class=\"elementor-element elementor-element-c3fa6ec elementor-position-top elementor-vertical-align-top elementor-widget elementor-widget-image-box\" data-id=\"c3fa6ec\" data-element_type=\"widget\" data-widget_type=\"image-box.default\">\n\t\t\t\t<div class=\"elementor-widget-container\">\n\t\t\t<div class=\"elementor-image-box-wrapper\"><figure class=\"elementor-image-box-img\"><img decoding=\"async\" width=\"2560\" height=\"1180\" src=\"https:\/\/tornellihme.com\/wp-content\/uploads\/2023\/08\/6-scaled.jpg\" class=\"attachment-full size-full wp-image-384\" alt=\"\" loading=\"lazy\" srcset=\"https:\/\/tornellihme.com\/wp-content\/uploads\/2023\/08\/6-scaled.jpg 2560w, https:\/\/tornellihme.com\/wp-content\/uploads\/2023\/08\/6-300x138.jpg 300w, https:\/\/tornellihme.com\/wp-content\/uploads\/2023\/08\/6-1024x472.jpg 1024w, https:\/\/tornellihme.com\/wp-content\/uploads\/2023\/08\/6-768x354.jpg 768w, https:\/\/tornellihme.com\/wp-content\/uploads\/2023\/08\/6-1536x708.jpg 1536w, https:\/\/tornellihme.com\/wp-content\/uploads\/2023\/08\/6-2048x944.jpg 2048w\" sizes=\"(max-width: 2560px) 100vw, 2560px\" \/><\/figure><div class=\"elementor-image-box-content\"><h3 class=\"elementor-image-box-title\">Desconexion de la rutina diaria<\/h3><p class=\"elementor-image-box-description\">Alejarse del entorno habitual puede facilitar un enfoque m\u00e1s profundo y concentrado en los temas a tratar durante las sesiones de coaching. La desconexi\u00f3n de las distracciones cotidianas y la convivencia con la naturaleza permiten un mayor compromiso con el proceso de entrenamiento y una conexi\u00f3n especial con nuestro yo interno.<\/p><\/div><\/div>\t\t<\/div>\n\t\t\t\t<\/div>\n\t\t\t\t<div class=\"elementor-element elementor-element-b785fa8 elementor-position-top elementor-vertical-align-top elementor-widget elementor-widget-image-box\" data-id=\"b785fa8\" data-element_type=\"widget\" data-widget_type=\"image-box.default\">\n\t\t\t\t<div class=\"elementor-widget-container\">\n\t\t\t<div class=\"elementor-image-box-wrapper\"><figure class=\"elementor-image-box-img\"><img decoding=\"async\" width=\"2560\" height=\"1182\" src=\"https:\/\/tornellihme.com\/wp-content\/uploads\/2023\/08\/3-scaled.jpg\" class=\"attachment-full size-full wp-image-374\" alt=\"\" loading=\"lazy\" srcset=\"https:\/\/tornellihme.com\/wp-content\/uploads\/2023\/08\/3-scaled.jpg 2560w, https:\/\/tornellihme.com\/wp-content\/uploads\/2023\/08\/3-300x138.jpg 300w, https:\/\/tornellihme.com\/wp-content\/uploads\/2023\/08\/3-1024x473.jpg 1024w, https:\/\/tornellihme.com\/wp-content\/uploads\/2023\/08\/3-768x354.jpg 768w, https:\/\/tornellihme.com\/wp-content\/uploads\/2023\/08\/3-1536x709.jpg 1536w, https:\/\/tornellihme.com\/wp-content\/uploads\/2023\/08\/3-2048x945.jpg 2048w\" sizes=\"(max-width: 2560px) 100vw, 2560px\" \/><\/figure><div class=\"elementor-image-box-content\"><h3 class=\"elementor-image-box-title\">Enfoque en el aqu\u00ed y ahora<\/h3><p class=\"elementor-image-box-description\">La monta\u00f1a exige atenci\u00f3n plena y concentraci\u00f3n en el presente, lo que fomenta el autoconocimiento y la toma de conciencia. Esto permite a nuestros clientes identificar patrones de pensamiento o comportamientos que puedan estar limitando su crecimiento personal.<\/p><\/div><\/div>\t\t<\/div>\n\t\t\t\t<\/div>\n\t\t\t\t\t<\/div>\n\t\t<\/div>\n\t\t\t\t\t\t\t<\/div>\n\t\t<\/section>\n\t\t\t\t<section class=\"elementor-section elementor-top-section elementor-element elementor-element-7273789 elementor-section-boxed elementor-section-height-default elementor-section-height-default\" data-id=\"7273789\" data-element_type=\"section\">\n\t\t\t\t\t\t<div class=\"elementor-container elementor-column-gap-default\">\n\t\t\t\t\t<div class=\"elementor-column elementor-col-100 elementor-top-column elementor-element elementor-element-5cb732e\" data-id=\"5cb732e\" data-element_type=\"column\">\n\t\t\t<div class=\"elementor-widget-wrap\">\n\t\t\t\t\t\t\t\t\t<\/div>\n\t\t<\/div>\n\t\t\t\t\t\t\t<\/div>\n\t\t<\/section>\n\t\t\t\t\t\t\t<\/div>\n\t\t","protected":false},"excerpt":{"rendered":"<p>Coaching a trav\u00e9s de la monta\u00f1a Si tu alma es aventurera, te gusta la naturaleza y quieres descubrir algunos de los aspectos que no te permiten desarrollar todo tu potencial, nosotros te acompa\u00f1amos y dise\u00f1amos un programa espec\u00edfico acorde a tus necesidades y a tu experiencia.\u00a0 Nuestras actividades implican un reto a nuestras habilidades mentales, [&hellip;]<\/p>\n","protected":false},"author":1,"featured_media":0,"parent":0,"menu_order":0,"comment_status":"closed","ping_status":"closed","template":"","meta":[],"_links":{"self":[{"href":"https:\/\/tornellihme.com\/index.php\/wp-json\/wp\/v2\/pages\/375"}],"collection":[{"href":"https:\/\/tornellihme.com\/index.php\/wp-json\/wp\/v2\/pages"}],"about":[{"href":"https:\/\/tornellihme.com\/index.php\/wp-json\/wp\/v2\/types\/page"}],"author":[{"embeddable":true,"href":"https:\/\/tornellihme.com\/index.php\/wp-json\/wp\/v2\/users\/1"}],"replies":[{"embeddable":true,"href":"https:\/\/tornellihme.com\/index.php\/wp-json\/wp\/v2\/comments?post=375"}],"version-history":[{"count":17,"href":"https:\/\/tornellihme.com\/index.php\/wp-json\/wp\/v2\/pages\/375\/revisions"}],"predecessor-version":[{"id":875,"href":"https:\/\/tornellihme.com\/index.php\/wp-json\/wp\/v2\/pages\/375\/revisions\/875"}],"wp:attachment":[{"href":"https:\/\/tornellihme.com\/index.php\/wp-json\/wp\/v2\/media?parent=375"}],"curies":[{"name":"wp","href":"https:\/\/api.w.org\/{rel}","templated":true}]}}