{"id":558,"date":"2023-09-04T01:11:21","date_gmt":"2023-09-04T01:11:21","guid":{"rendered":"https:\/\/tornellihme.com\/?page_id=558"},"modified":"2023-09-25T22:55:41","modified_gmt":"2023-09-25T22:55:41","slug":"nuestros-destinos","status":"publish","type":"page","link":"https:\/\/tornellihme.com\/index.php\/nuestros-destinos\/","title":{"rendered":"Nuestros destinos"},"content":{"rendered":"\t\t<div data-elementor-type=\"wp-page\" data-elementor-id=\"558\" class=\"elementor elementor-558\">\n\t\t\t\t\t\t\t\t\t<section class=\"elementor-section elementor-top-section elementor-element elementor-element-dd6e832 elementor-section-boxed elementor-section-height-default elementor-section-height-default\" data-id=\"dd6e832\" data-element_type=\"section\">\n\t\t\t\t\t\t<div class=\"elementor-container elementor-column-gap-default\">\n\t\t\t\t\t<div class=\"elementor-column elementor-col-100 elementor-top-column elementor-element elementor-element-030b6c8\" data-id=\"030b6c8\" data-element_type=\"column\">\n\t\t\t<div class=\"elementor-widget-wrap elementor-element-populated\">\n\t\t\t\t\t\t\t\t<div class=\"elementor-element elementor-element-781b7fd elementor-widget elementor-widget-heading\" data-id=\"781b7fd\" data-element_type=\"widget\" data-widget_type=\"heading.default\">\n\t\t\t\t<div class=\"elementor-widget-container\">\n\t\t\t<style>\/*! elementor - v3.14.0 - 26-06-2023 *\/\n.elementor-heading-title{padding:0;margin:0;line-height:1}.elementor-widget-heading .elementor-heading-title[class*=elementor-size-]>a{color:inherit;font-size:inherit;line-height:inherit}.elementor-widget-heading .elementor-heading-title.elementor-size-small{font-size:15px}.elementor-widget-heading .elementor-heading-title.elementor-size-medium{font-size:19px}.elementor-widget-heading .elementor-heading-title.elementor-size-large{font-size:29px}.elementor-widget-heading .elementor-heading-title.elementor-size-xl{font-size:39px}.elementor-widget-heading .elementor-heading-title.elementor-size-xxl{font-size:59px}<\/style><h2 class=\"elementor-heading-title elementor-size-default\">CONOCE A FONDO NUESTROS DESTINOS<\/h2>\t\t<\/div>\n\t\t\t\t<\/div>\n\t\t\t\t\t<\/div>\n\t\t<\/div>\n\t\t\t\t\t\t\t<\/div>\n\t\t<\/section>\n\t\t\t\t<section class=\"elementor-section elementor-top-section elementor-element elementor-element-c9be32b elementor-section-boxed elementor-section-height-default elementor-section-height-default\" data-id=\"c9be32b\" data-element_type=\"section\">\n\t\t\t\t\t\t<div class=\"elementor-container elementor-column-gap-default\">\n\t\t\t\t\t<div class=\"elementor-column elementor-col-100 elementor-top-column elementor-element elementor-element-75b37e5\" data-id=\"75b37e5\" data-element_type=\"column\">\n\t\t\t<div class=\"elementor-widget-wrap elementor-element-populated\">\n\t\t\t\t\t\t\t\t<div class=\"elementor-element elementor-element-d7ae331 elementor-position-top elementor-vertical-align-top elementor-widget elementor-widget-image-box\" data-id=\"d7ae331\" data-element_type=\"widget\" data-widget_type=\"image-box.default\">\n\t\t\t\t<div class=\"elementor-widget-container\">\n\t\t\t<style>\/*! elementor - v3.14.0 - 26-06-2023 *\/\n.elementor-widget-image-box .elementor-image-box-content{width:100%}@media (min-width:768px){.elementor-widget-image-box.elementor-position-left .elementor-image-box-wrapper,.elementor-widget-image-box.elementor-position-right .elementor-image-box-wrapper{display:flex}.elementor-widget-image-box.elementor-position-right .elementor-image-box-wrapper{text-align:right;flex-direction:row-reverse}.elementor-widget-image-box.elementor-position-left .elementor-image-box-wrapper{text-align:left;flex-direction:row}.elementor-widget-image-box.elementor-position-top .elementor-image-box-img{margin:auto}.elementor-widget-image-box.elementor-vertical-align-top .elementor-image-box-wrapper{align-items:flex-start}.elementor-widget-image-box.elementor-vertical-align-middle .elementor-image-box-wrapper{align-items:center}.elementor-widget-image-box.elementor-vertical-align-bottom .elementor-image-box-wrapper{align-items:flex-end}}@media (max-width:767px){.elementor-widget-image-box .elementor-image-box-img{margin-left:auto!important;margin-right:auto!important;margin-bottom:15px}}.elementor-widget-image-box .elementor-image-box-img{display:inline-block}.elementor-widget-image-box .elementor-image-box-title a{color:inherit}.elementor-widget-image-box .elementor-image-box-wrapper{text-align:center}.elementor-widget-image-box .elementor-image-box-description{margin:0}<\/style><div class=\"elementor-image-box-wrapper\"><figure class=\"elementor-image-box-img\"><img decoding=\"async\" width=\"1795\" height=\"990\" src=\"https:\/\/tornellihme.com\/wp-content\/uploads\/2023\/09\/San-Miguel.png\" class=\"attachment-full size-full wp-image-589\" alt=\"\" loading=\"lazy\" srcset=\"https:\/\/tornellihme.com\/wp-content\/uploads\/2023\/09\/San-Miguel.png 1795w, https:\/\/tornellihme.com\/wp-content\/uploads\/2023\/09\/San-Miguel-300x165.png 300w, https:\/\/tornellihme.com\/wp-content\/uploads\/2023\/09\/San-Miguel-1024x565.png 1024w, https:\/\/tornellihme.com\/wp-content\/uploads\/2023\/09\/San-Miguel-768x424.png 768w, https:\/\/tornellihme.com\/wp-content\/uploads\/2023\/09\/San-Miguel-1536x847.png 1536w\" sizes=\"(max-width: 1795px) 100vw, 1795px\" \/><\/figure><div class=\"elementor-image-box-content\"><h3 class=\"elementor-image-box-title\">CERRO SAN MIGUEL<\/h3><p class=\"elementor-image-box-description\">Dificultad: Nivel Begginer<\/p><\/div><\/div>\t\t<\/div>\n\t\t\t\t<\/div>\n\t\t\t\t<div class=\"elementor-element elementor-element-ced8df2 elementor-align-center elementor-widget elementor-widget-button\" data-id=\"ced8df2\" data-element_type=\"widget\" data-widget_type=\"button.default\">\n\t\t\t\t<div class=\"elementor-widget-container\">\n\t\t\t\t\t<div class=\"elementor-button-wrapper\">\n\t\t\t<a class=\"elementor-button elementor-button-link elementor-size-sm\" href=\"https:\/\/tornellihme.com\/index.php\/cerro-san-miguel-2\/\">\n\t\t\t\t\t\t<span class=\"elementor-button-content-wrapper\">\n\t\t\t\t\t\t<span class=\"elementor-button-text\">CONOCE M\u00c1S<\/span>\n\t\t<\/span>\n\t\t\t\t\t<\/a>\n\t\t<\/div>\n\t\t\t\t<\/div>\n\t\t\t\t<\/div>\n\t\t\t\t\t<\/div>\n\t\t<\/div>\n\t\t\t\t\t\t\t<\/div>\n\t\t<\/section>\n\t\t\t\t<section class=\"elementor-section elementor-top-section elementor-element elementor-element-a9850d7 elementor-section-boxed elementor-section-height-default elementor-section-height-default\" data-id=\"a9850d7\" data-element_type=\"section\">\n\t\t\t\t\t\t<div class=\"elementor-container elementor-column-gap-default\">\n\t\t\t\t\t<div class=\"elementor-column elementor-col-100 elementor-top-column elementor-element elementor-element-21d758f\" data-id=\"21d758f\" data-element_type=\"column\">\n\t\t\t<div class=\"elementor-widget-wrap elementor-element-populated\">\n\t\t\t\t\t\t\t\t<div class=\"elementor-element elementor-element-2f0d9fc elementor-position-top elementor-vertical-align-top elementor-widget elementor-widget-image-box\" data-id=\"2f0d9fc\" data-element_type=\"widget\" data-widget_type=\"image-box.default\">\n\t\t\t\t<div class=\"elementor-widget-container\">\n\t\t\t<div class=\"elementor-image-box-wrapper\"><figure class=\"elementor-image-box-img\"><img decoding=\"async\" width=\"3258\" height=\"828\" src=\"https:\/\/tornellihme.com\/wp-content\/uploads\/2023\/09\/Nevado.png\" class=\"attachment-full size-full wp-image-617\" alt=\"\" loading=\"lazy\" srcset=\"https:\/\/tornellihme.com\/wp-content\/uploads\/2023\/09\/Nevado.png 3258w, https:\/\/tornellihme.com\/wp-content\/uploads\/2023\/09\/Nevado-300x76.png 300w, https:\/\/tornellihme.com\/wp-content\/uploads\/2023\/09\/Nevado-1024x260.png 1024w, https:\/\/tornellihme.com\/wp-content\/uploads\/2023\/09\/Nevado-768x195.png 768w, https:\/\/tornellihme.com\/wp-content\/uploads\/2023\/09\/Nevado-1536x390.png 1536w, https:\/\/tornellihme.com\/wp-content\/uploads\/2023\/09\/Nevado-2048x520.png 2048w\" sizes=\"(max-width: 3258px) 100vw, 3258px\" \/><\/figure><div class=\"elementor-image-box-content\"><h3 class=\"elementor-image-box-title\">NEVADO DE TOLUCA<\/h3><p class=\"elementor-image-box-description\">Dificultad: Nivel Enthusiast y Pro (depende de la ruta)<\/p><\/div><\/div>\t\t<\/div>\n\t\t\t\t<\/div>\n\t\t\t\t<div class=\"elementor-element elementor-element-330a786 elementor-align-center elementor-widget elementor-widget-button\" data-id=\"330a786\" data-element_type=\"widget\" data-widget_type=\"button.default\">\n\t\t\t\t<div class=\"elementor-widget-container\">\n\t\t\t\t\t<div class=\"elementor-button-wrapper\">\n\t\t\t<a class=\"elementor-button elementor-button-link elementor-size-sm\" href=\"https:\/\/tornellihme.com\/index.php\/nevado-de-toluca\/\">\n\t\t\t\t\t\t<span class=\"elementor-button-content-wrapper\">\n\t\t\t\t\t\t<span class=\"elementor-button-text\">CONOCE M\u00c1S<\/span>\n\t\t<\/span>\n\t\t\t\t\t<\/a>\n\t\t<\/div>\n\t\t\t\t<\/div>\n\t\t\t\t<\/div>\n\t\t\t\t<div class=\"elementor-element elementor-element-34f19cf elementor-position-top elementor-vertical-align-top elementor-widget elementor-widget-image-box\" data-id=\"34f19cf\" data-element_type=\"widget\" data-widget_type=\"image-box.default\">\n\t\t\t\t<div class=\"elementor-widget-container\">\n\t\t\t<div class=\"elementor-image-box-wrapper\"><figure class=\"elementor-image-box-img\"><img decoding=\"async\" width=\"1656\" height=\"774\" src=\"https:\/\/tornellihme.com\/wp-content\/uploads\/2023\/09\/El-chico.png\" class=\"attachment-full size-full wp-image-606\" alt=\"\" loading=\"lazy\" srcset=\"https:\/\/tornellihme.com\/wp-content\/uploads\/2023\/09\/El-chico.png 1656w, https:\/\/tornellihme.com\/wp-content\/uploads\/2023\/09\/El-chico-300x140.png 300w, https:\/\/tornellihme.com\/wp-content\/uploads\/2023\/09\/El-chico-1024x479.png 1024w, https:\/\/tornellihme.com\/wp-content\/uploads\/2023\/09\/El-chico-768x359.png 768w, https:\/\/tornellihme.com\/wp-content\/uploads\/2023\/09\/El-chico-1536x718.png 1536w\" sizes=\"(max-width: 1656px) 100vw, 1656px\" \/><\/figure><div class=\"elementor-image-box-content\"><h3 class=\"elementor-image-box-title\"> ZONA DE ESCALADA EN EL CHICO, HIDALGO<\/h3><p class=\"elementor-image-box-description\">Dificultad: Nivel Pro<\/p><\/div><\/div>\t\t<\/div>\n\t\t\t\t<\/div>\n\t\t\t\t<div class=\"elementor-element elementor-element-44b8dae elementor-align-center elementor-widget elementor-widget-button\" data-id=\"44b8dae\" data-element_type=\"widget\" data-widget_type=\"button.default\">\n\t\t\t\t<div class=\"elementor-widget-container\">\n\t\t\t\t\t<div class=\"elementor-button-wrapper\">\n\t\t\t<a class=\"elementor-button elementor-button-link elementor-size-sm\" href=\"https:\/\/tornellihme.com\/index.php\/zona-de-escalada-en-el-chico-hidalgo\/\">\n\t\t\t\t\t\t<span class=\"elementor-button-content-wrapper\">\n\t\t\t\t\t\t<span class=\"elementor-button-text\">CONOCE M\u00c1S<\/span>\n\t\t<\/span>\n\t\t\t\t\t<\/a>\n\t\t<\/div>\n\t\t\t\t<\/div>\n\t\t\t\t<\/div>\n\t\t\t\t<div class=\"elementor-element elementor-element-675e60c elementor-position-top elementor-vertical-align-top elementor-widget elementor-widget-image-box\" data-id=\"675e60c\" data-element_type=\"widget\" data-widget_type=\"image-box.default\">\n\t\t\t\t<div class=\"elementor-widget-container\">\n\t\t\t<div class=\"elementor-image-box-wrapper\"><figure class=\"elementor-image-box-img\"><img decoding=\"async\" width=\"500\" height=\"250\" src=\"https:\/\/tornellihme.com\/wp-content\/uploads\/2023\/08\/Malinche-1.png\" class=\"attachment-full size-full wp-image-307\" alt=\"\" loading=\"lazy\" srcset=\"https:\/\/tornellihme.com\/wp-content\/uploads\/2023\/08\/Malinche-1.png 500w, https:\/\/tornellihme.com\/wp-content\/uploads\/2023\/08\/Malinche-1-300x150.png 300w\" sizes=\"(max-width: 500px) 100vw, 500px\" \/><\/figure><div class=\"elementor-image-box-content\"><h3 class=\"elementor-image-box-title\">VOLCAN LA MALINCHE<\/h3><p class=\"elementor-image-box-description\">Dificultad: Nivel Master<\/p><\/div><\/div>\t\t<\/div>\n\t\t\t\t<\/div>\n\t\t\t\t<div class=\"elementor-element elementor-element-651e6b0 elementor-align-center elementor-widget elementor-widget-button\" data-id=\"651e6b0\" data-element_type=\"widget\" data-widget_type=\"button.default\">\n\t\t\t\t<div class=\"elementor-widget-container\">\n\t\t\t\t\t<div class=\"elementor-button-wrapper\">\n\t\t\t<a class=\"elementor-button elementor-button-link elementor-size-sm\" href=\"https:\/\/tornellihme.com\/index.php\/proximas-salidas\/\">\n\t\t\t\t\t\t<span class=\"elementor-button-content-wrapper\">\n\t\t\t\t\t\t<span class=\"elementor-button-text\">CONOCE M\u00c1S<\/span>\n\t\t<\/span>\n\t\t\t\t\t<\/a>\n\t\t<\/div>\n\t\t\t\t<\/div>\n\t\t\t\t<\/div>\n\t\t\t\t\t<\/div>\n\t\t<\/div>\n\t\t\t\t\t\t\t<\/div>\n\t\t<\/section>\n\t\t\t\t<section class=\"elementor-section elementor-top-section elementor-element elementor-element-0d31616 elementor-section-boxed elementor-section-height-default elementor-section-height-default\" data-id=\"0d31616\" data-element_type=\"section\">\n\t\t\t\t\t\t<div class=\"elementor-container elementor-column-gap-default\">\n\t\t\t\t\t<div class=\"elementor-column elementor-col-100 elementor-top-column elementor-element elementor-element-99976f7\" data-id=\"99976f7\" data-element_type=\"column\">\n\t\t\t<div class=\"elementor-widget-wrap elementor-element-populated\">\n\t\t\t\t\t\t\t\t<div class=\"elementor-element elementor-element-94edbaa elementor-position-top elementor-vertical-align-top elementor-widget elementor-widget-image-box\" data-id=\"94edbaa\" data-element_type=\"widget\" data-widget_type=\"image-box.default\">\n\t\t\t\t<div class=\"elementor-widget-container\">\n\t\t\t<div class=\"elementor-image-box-wrapper\"><figure class=\"elementor-image-box-img\"><img decoding=\"async\" width=\"500\" height=\"250\" src=\"https:\/\/tornellihme.com\/wp-content\/uploads\/2023\/09\/Izta.png\" class=\"attachment-full size-full wp-image-625\" alt=\"\" loading=\"lazy\" srcset=\"https:\/\/tornellihme.com\/wp-content\/uploads\/2023\/09\/Izta.png 500w, https:\/\/tornellihme.com\/wp-content\/uploads\/2023\/09\/Izta-300x150.png 300w\" sizes=\"(max-width: 500px) 100vw, 500px\" \/><\/figure><div class=\"elementor-image-box-content\"><h3 class=\"elementor-image-box-title\">VOLCAN IZTACC\u00cdHUATL<\/h3><p class=\"elementor-image-box-description\">Dificultad: Nivel Legend (depende de la ruta hay Nivel Pro)<\/p><\/div><\/div>\t\t<\/div>\n\t\t\t\t<\/div>\n\t\t\t\t<div class=\"elementor-element elementor-element-670c45c elementor-align-center elementor-widget elementor-widget-button\" data-id=\"670c45c\" data-element_type=\"widget\" data-widget_type=\"button.default\">\n\t\t\t\t<div class=\"elementor-widget-container\">\n\t\t\t\t\t<div class=\"elementor-button-wrapper\">\n\t\t\t<a class=\"elementor-button elementor-button-link elementor-size-sm\" href=\"https:\/\/tornellihme.com\/index.php\/volcan-iztaccihuatl\/\">\n\t\t\t\t\t\t<span class=\"elementor-button-content-wrapper\">\n\t\t\t\t\t\t<span class=\"elementor-button-text\">CONOCE M\u00c1S<\/span>\n\t\t<\/span>\n\t\t\t\t\t<\/a>\n\t\t<\/div>\n\t\t\t\t<\/div>\n\t\t\t\t<\/div>\n\t\t\t\t\t<\/div>\n\t\t<\/div>\n\t\t\t\t\t\t\t<\/div>\n\t\t<\/section>\n\t\t\t\t<section class=\"elementor-section elementor-top-section elementor-element elementor-element-50bcaed elementor-section-boxed elementor-section-height-default elementor-section-height-default\" data-id=\"50bcaed\" data-element_type=\"section\">\n\t\t\t\t\t\t<div class=\"elementor-container elementor-column-gap-default\">\n\t\t\t\t\t<div class=\"elementor-column elementor-col-100 elementor-top-column elementor-element elementor-element-2356b77\" data-id=\"2356b77\" data-element_type=\"column\">\n\t\t\t<div class=\"elementor-widget-wrap elementor-element-populated\">\n\t\t\t\t\t\t\t\t<div class=\"elementor-element elementor-element-9ae9399 elementor-position-top elementor-vertical-align-top elementor-widget elementor-widget-image-box\" data-id=\"9ae9399\" data-element_type=\"widget\" data-widget_type=\"image-box.default\">\n\t\t\t\t<div class=\"elementor-widget-container\">\n\t\t\t<div class=\"elementor-image-box-wrapper\"><figure class=\"elementor-image-box-img\"><img decoding=\"async\" width=\"2039\" height=\"1595\" src=\"https:\/\/tornellihme.com\/wp-content\/uploads\/2023\/09\/pico-de-orizaba.jpg\" class=\"attachment-full size-full wp-image-755\" alt=\"\" loading=\"lazy\" srcset=\"https:\/\/tornellihme.com\/wp-content\/uploads\/2023\/09\/pico-de-orizaba.jpg 2039w, https:\/\/tornellihme.com\/wp-content\/uploads\/2023\/09\/pico-de-orizaba-300x235.jpg 300w, https:\/\/tornellihme.com\/wp-content\/uploads\/2023\/09\/pico-de-orizaba-1024x801.jpg 1024w, https:\/\/tornellihme.com\/wp-content\/uploads\/2023\/09\/pico-de-orizaba-768x601.jpg 768w, https:\/\/tornellihme.com\/wp-content\/uploads\/2023\/09\/pico-de-orizaba-1536x1202.jpg 1536w, https:\/\/tornellihme.com\/wp-content\/uploads\/2023\/09\/pico-de-orizaba-1320x1033.jpg 1320w\" sizes=\"(max-width: 2039px) 100vw, 2039px\" \/><\/figure><div class=\"elementor-image-box-content\"><h3 class=\"elementor-image-box-title\">PICO DE ORIZABA<\/h3><p class=\"elementor-image-box-description\">Dificultad: Nivel Legend<\/p><\/div><\/div>\t\t<\/div>\n\t\t\t\t<\/div>\n\t\t\t\t<div class=\"elementor-element elementor-element-a4b8e59 elementor-align-center elementor-widget elementor-widget-button\" data-id=\"a4b8e59\" data-element_type=\"widget\" data-widget_type=\"button.default\">\n\t\t\t\t<div class=\"elementor-widget-container\">\n\t\t\t\t\t<div class=\"elementor-button-wrapper\">\n\t\t\t<a class=\"elementor-button elementor-button-link elementor-size-sm\" href=\"https:\/\/tornellihme.com\/index.php\/pico-de-orizaba\/\">\n\t\t\t\t\t\t<span class=\"elementor-button-content-wrapper\">\n\t\t\t\t\t\t<span class=\"elementor-button-text\">CONOCE M\u00c1S<\/span>\n\t\t<\/span>\n\t\t\t\t\t<\/a>\n\t\t<\/div>\n\t\t\t\t<\/div>\n\t\t\t\t<\/div>\n\t\t\t\t\t<\/div>\n\t\t<\/div>\n\t\t\t\t\t\t\t<\/div>\n\t\t<\/section>\n\t\t\t\t<section class=\"elementor-section elementor-top-section elementor-element elementor-element-ea627c4 elementor-section-boxed elementor-section-height-default elementor-section-height-default\" data-id=\"ea627c4\" data-element_type=\"section\">\n\t\t\t\t\t\t<div class=\"elementor-container elementor-column-gap-default\">\n\t\t\t\t\t<div class=\"elementor-column elementor-col-100 elementor-top-column elementor-element elementor-element-dc86f21\" data-id=\"dc86f21\" data-element_type=\"column\">\n\t\t\t<div class=\"elementor-widget-wrap elementor-element-populated\">\n\t\t\t\t\t\t\t\t<div class=\"elementor-element elementor-element-6bbf74a elementor-widget elementor-widget-heading\" data-id=\"6bbf74a\" data-element_type=\"widget\" data-widget_type=\"heading.default\">\n\t\t\t\t<div class=\"elementor-widget-container\">\n\t\t\t<h2 class=\"elementor-heading-title elementor-size-default\">NIVELES DE DIFICULTAD<\/h2>\t\t<\/div>\n\t\t\t\t<\/div>\n\t\t\t\t\t<\/div>\n\t\t<\/div>\n\t\t\t\t\t\t\t<\/div>\n\t\t<\/section>\n\t\t\t\t<section class=\"elementor-section elementor-top-section elementor-element elementor-element-97d4b9c elementor-section-boxed elementor-section-height-default elementor-section-height-default\" data-id=\"97d4b9c\" data-element_type=\"section\">\n\t\t\t\t\t\t<div class=\"elementor-container elementor-column-gap-default\">\n\t\t\t\t\t<div class=\"elementor-column elementor-col-100 elementor-top-column elementor-element elementor-element-1493f09\" data-id=\"1493f09\" data-element_type=\"column\">\n\t\t\t<div class=\"elementor-widget-wrap elementor-element-populated\">\n\t\t\t\t\t\t\t\t<div class=\"elementor-element elementor-element-e13b2d0 elementor-widget elementor-widget-image\" data-id=\"e13b2d0\" data-element_type=\"widget\" data-widget_type=\"image.default\">\n\t\t\t\t<div class=\"elementor-widget-container\">\n\t\t\t<style>\/*! elementor - v3.14.0 - 26-06-2023 *\/\n.elementor-widget-image{text-align:center}.elementor-widget-image a{display:inline-block}.elementor-widget-image a img[src$=\".svg\"]{width:48px}.elementor-widget-image img{vertical-align:middle;display:inline-block}<\/style>\t\t\t\t\t\t\t\t\t\t\t\t<img decoding=\"async\" width=\"1024\" height=\"532\" src=\"https:\/\/tornellihme.com\/wp-content\/uploads\/2023\/09\/INFOGRAFIA-NIVELES-1024x532.jpg\" class=\"attachment-large size-large wp-image-561\" alt=\"\" loading=\"lazy\" srcset=\"https:\/\/tornellihme.com\/wp-content\/uploads\/2023\/09\/INFOGRAFIA-NIVELES-1024x532.jpg 1024w, https:\/\/tornellihme.com\/wp-content\/uploads\/2023\/09\/INFOGRAFIA-NIVELES-300x156.jpg 300w, https:\/\/tornellihme.com\/wp-content\/uploads\/2023\/09\/INFOGRAFIA-NIVELES-768x399.jpg 768w, https:\/\/tornellihme.com\/wp-content\/uploads\/2023\/09\/INFOGRAFIA-NIVELES-1536x798.jpg 1536w, https:\/\/tornellihme.com\/wp-content\/uploads\/2023\/09\/INFOGRAFIA-NIVELES-2048x1064.jpg 2048w\" sizes=\"(max-width: 1024px) 100vw, 1024px\" \/>\t\t\t\t\t\t\t\t\t\t\t\t\t\t\t<\/div>\n\t\t\t\t<\/div>\n\t\t\t\t\t<\/div>\n\t\t<\/div>\n\t\t\t\t\t\t\t<\/div>\n\t\t<\/section>\n\t\t\t\t\t\t\t<\/div>\n\t\t","protected":false},"excerpt":{"rendered":"<p>CONOCE A FONDO NUESTROS DESTINOS CERRO SAN MIGUEL Dificultad: Nivel Begginer CONOCE M\u00c1S NEVADO DE TOLUCA Dificultad: Nivel Enthusiast y Pro (depende de la ruta) CONOCE M\u00c1S ZONA DE ESCALADA EN EL CHICO, HIDALGO Dificultad: Nivel Pro CONOCE M\u00c1S VOLCAN LA MALINCHE Dificultad: Nivel Master CONOCE M\u00c1S VOLCAN IZTACC\u00cdHUATL Dificultad: Nivel Legend (depende de la [&hellip;]<\/p>\n","protected":false},"author":1,"featured_media":0,"parent":0,"menu_order":0,"comment_status":"closed","ping_status":"closed","template":"","meta":[],"_links":{"self":[{"href":"https:\/\/tornellihme.com\/index.php\/wp-json\/wp\/v2\/pages\/558"}],"collection":[{"href":"https:\/\/tornellihme.com\/index.php\/wp-json\/wp\/v2\/pages"}],"about":[{"href":"https:\/\/tornellihme.com\/index.php\/wp-json\/wp\/v2\/types\/page"}],"author":[{"embeddable":true,"href":"https:\/\/tornellihme.com\/index.php\/wp-json\/wp\/v2\/users\/1"}],"replies":[{"embeddable":true,"href":"https:\/\/tornellihme.com\/index.php\/wp-json\/wp\/v2\/comments?post=558"}],"version-history":[{"count":29,"href":"https:\/\/tornellihme.com\/index.php\/wp-json\/wp\/v2\/pages\/558\/revisions"}],"predecessor-version":[{"id":912,"href":"https:\/\/tornellihme.com\/index.php\/wp-json\/wp\/v2\/pages\/558\/revisions\/912"}],"wp:attachment":[{"href":"https:\/\/tornellihme.com\/index.php\/wp-json\/wp\/v2\/media?parent=558"}],"curies":[{"name":"wp","href":"https:\/\/api.w.org\/{rel}","templated":true}]}}