{"id":834,"date":"2023-09-21T20:14:15","date_gmt":"2023-09-21T20:14:15","guid":{"rendered":"https:\/\/tornellihme.com\/?page_id=834"},"modified":"2023-09-21T20:19:22","modified_gmt":"2023-09-21T20:19:22","slug":"curso-de-primeros-auxilios","status":"publish","type":"page","link":"https:\/\/tornellihme.com\/index.php\/curso-de-primeros-auxilios\/","title":{"rendered":"Curso primeros auxil &hellip;"},"content":{"rendered":"\t\t<div data-elementor-type=\"wp-page\" data-elementor-id=\"834\" class=\"elementor elementor-834\">\n\t\t\t\t\t\t\t\t\t<section class=\"elementor-section elementor-top-section elementor-element elementor-element-97cd835 elementor-section-boxed elementor-section-height-default elementor-section-height-default\" data-id=\"97cd835\" data-element_type=\"section\">\n\t\t\t\t\t\t<div class=\"elementor-container elementor-column-gap-default\">\n\t\t\t\t\t<div class=\"elementor-column elementor-col-100 elementor-top-column elementor-element elementor-element-443d381\" data-id=\"443d381\" data-element_type=\"column\">\n\t\t\t<div class=\"elementor-widget-wrap elementor-element-populated\">\n\t\t\t\t\t\t\t\t<div class=\"elementor-element elementor-element-fea0d9f elementor-widget elementor-widget-heading\" data-id=\"fea0d9f\" data-element_type=\"widget\" data-widget_type=\"heading.default\">\n\t\t\t\t<div class=\"elementor-widget-container\">\n\t\t\t<style>\/*! elementor - v3.14.0 - 26-06-2023 *\/\n.elementor-heading-title{padding:0;margin:0;line-height:1}.elementor-widget-heading .elementor-heading-title[class*=elementor-size-]>a{color:inherit;font-size:inherit;line-height:inherit}.elementor-widget-heading .elementor-heading-title.elementor-size-small{font-size:15px}.elementor-widget-heading .elementor-heading-title.elementor-size-medium{font-size:19px}.elementor-widget-heading .elementor-heading-title.elementor-size-large{font-size:29px}.elementor-widget-heading .elementor-heading-title.elementor-size-xl{font-size:39px}.elementor-widget-heading .elementor-heading-title.elementor-size-xxl{font-size:59px}<\/style><h2 class=\"elementor-heading-title elementor-size-default\">CURSO DE PRIMEROS AUXILIOS<\/h2>\t\t<\/div>\n\t\t\t\t<\/div>\n\t\t\t\t\t<\/div>\n\t\t<\/div>\n\t\t\t\t\t\t\t<\/div>\n\t\t<\/section>\n\t\t\t\t<section class=\"elementor-section elementor-top-section elementor-element elementor-element-698d3c7 elementor-section-boxed elementor-section-height-default elementor-section-height-default\" data-id=\"698d3c7\" data-element_type=\"section\">\n\t\t\t\t\t\t<div class=\"elementor-container elementor-column-gap-default\">\n\t\t\t\t\t<div class=\"elementor-column elementor-col-100 elementor-top-column elementor-element elementor-element-771f546\" data-id=\"771f546\" data-element_type=\"column\">\n\t\t\t<div class=\"elementor-widget-wrap elementor-element-populated\">\n\t\t\t\t\t\t\t\t<div class=\"elementor-element elementor-element-d930a25 elementor-widget elementor-widget-text-editor\" data-id=\"d930a25\" data-element_type=\"widget\" data-widget_type=\"text-editor.default\">\n\t\t\t\t<div class=\"elementor-widget-container\">\n\t\t\t<style>\/*! elementor - v3.14.0 - 26-06-2023 *\/\n.elementor-widget-text-editor.elementor-drop-cap-view-stacked .elementor-drop-cap{background-color:#69727d;color:#fff}.elementor-widget-text-editor.elementor-drop-cap-view-framed .elementor-drop-cap{color:#69727d;border:3px solid;background-color:transparent}.elementor-widget-text-editor:not(.elementor-drop-cap-view-default) .elementor-drop-cap{margin-top:8px}.elementor-widget-text-editor:not(.elementor-drop-cap-view-default) .elementor-drop-cap-letter{width:1em;height:1em}.elementor-widget-text-editor .elementor-drop-cap{float:left;text-align:center;line-height:1;font-size:50px}.elementor-widget-text-editor .elementor-drop-cap-letter{display:inline-block}<\/style>\t\t\t\t<p>Los conocimientos de primeros auxilios son universales y pueden marcar la diferencia en situaciones de vida o muerte. Te invitamos a tomar el control de tu capacidad de ayudar.<\/p>\t\t\t\t\t\t<\/div>\n\t\t\t\t<\/div>\n\t\t\t\t\t<\/div>\n\t\t<\/div>\n\t\t\t\t\t\t\t<\/div>\n\t\t<\/section>\n\t\t\t\t<section class=\"elementor-section elementor-top-section elementor-element elementor-element-ce428eb elementor-section-boxed elementor-section-height-default elementor-section-height-default\" data-id=\"ce428eb\" data-element_type=\"section\">\n\t\t\t\t\t\t<div class=\"elementor-container elementor-column-gap-default\">\n\t\t\t\t\t<div class=\"elementor-column elementor-col-100 elementor-top-column elementor-element elementor-element-58e5727\" data-id=\"58e5727\" data-element_type=\"column\">\n\t\t\t<div class=\"elementor-widget-wrap elementor-element-populated\">\n\t\t\t\t\t\t\t\t<div class=\"elementor-element elementor-element-74ed3e5 elementor-arrows-position-inside elementor-pagination-position-outside elementor-widget elementor-widget-image-carousel\" data-id=\"74ed3e5\" data-element_type=\"widget\" data-settings=\"{&quot;navigation&quot;:&quot;both&quot;,&quot;autoplay&quot;:&quot;yes&quot;,&quot;pause_on_hover&quot;:&quot;yes&quot;,&quot;pause_on_interaction&quot;:&quot;yes&quot;,&quot;autoplay_speed&quot;:5000,&quot;infinite&quot;:&quot;yes&quot;,&quot;speed&quot;:500}\" data-widget_type=\"image-carousel.default\">\n\t\t\t\t<div class=\"elementor-widget-container\">\n\t\t\t<style>\/*! elementor - v3.14.0 - 26-06-2023 *\/\n.elementor-widget-image-carousel .swiper,.elementor-widget-image-carousel .swiper-container{position:static}.elementor-widget-image-carousel .swiper-container .swiper-slide figure,.elementor-widget-image-carousel .swiper .swiper-slide figure{line-height:inherit}.elementor-widget-image-carousel .swiper-slide{text-align:center}.elementor-image-carousel-wrapper:not(.swiper-container-initialized):not(.swiper-initialized) .swiper-slide{max-width:calc(100% \/ var(--e-image-carousel-slides-to-show, 3))}<\/style>\t\t<div class=\"elementor-image-carousel-wrapper swiper\" dir=\"ltr\">\n\t\t\t<div class=\"elementor-image-carousel swiper-wrapper\" aria-live=\"off\">\n\t\t\t\t\t\t\t\t<div class=\"swiper-slide\" role=\"group\" aria-roledescription=\"slide\" aria-label=\"1 of 6\"><figure class=\"swiper-slide-inner\"><img decoding=\"async\" class=\"swiper-slide-image\" src=\"https:\/\/tornellihme.com\/wp-content\/uploads\/2023\/09\/1693960321680-709x1536.jpg\" alt=\"1693960321680\" \/><\/figure><\/div><div class=\"swiper-slide\" role=\"group\" aria-roledescription=\"slide\" aria-label=\"2 of 6\"><figure class=\"swiper-slide-inner\"><img decoding=\"async\" class=\"swiper-slide-image\" src=\"https:\/\/tornellihme.com\/wp-content\/uploads\/2023\/09\/1693960321757-709x1536.jpg\" alt=\"1693960321757\" \/><\/figure><\/div><div class=\"swiper-slide\" role=\"group\" aria-roledescription=\"slide\" aria-label=\"3 of 6\"><figure class=\"swiper-slide-inner\"><img decoding=\"async\" class=\"swiper-slide-image\" src=\"https:\/\/tornellihme.com\/wp-content\/uploads\/2023\/09\/1693960321777-709x1536.jpg\" alt=\"1693960321777\" \/><\/figure><\/div><div class=\"swiper-slide\" role=\"group\" aria-roledescription=\"slide\" aria-label=\"4 of 6\"><figure class=\"swiper-slide-inner\"><img decoding=\"async\" class=\"swiper-slide-image\" src=\"https:\/\/tornellihme.com\/wp-content\/uploads\/2023\/09\/1693960321705-709x1536.jpg\" alt=\"1693960321705\" \/><\/figure><\/div><div class=\"swiper-slide\" role=\"group\" aria-roledescription=\"slide\" aria-label=\"5 of 6\"><figure class=\"swiper-slide-inner\"><img decoding=\"async\" class=\"swiper-slide-image\" src=\"https:\/\/tornellihme.com\/wp-content\/uploads\/2023\/09\/1693960321653-708x1536.jpg\" alt=\"1693960321653\" \/><\/figure><\/div><div class=\"swiper-slide\" role=\"group\" aria-roledescription=\"slide\" aria-label=\"6 of 6\"><figure class=\"swiper-slide-inner\"><img decoding=\"async\" class=\"swiper-slide-image\" src=\"https:\/\/tornellihme.com\/wp-content\/uploads\/2023\/09\/1693960321626-708x1536.jpg\" alt=\"1693960321626\" \/><\/figure><\/div>\t\t\t<\/div>\n\t\t\t\t\t\t\t\t\t\t\t\t<div class=\"elementor-swiper-button elementor-swiper-button-prev\" role=\"button\" tabindex=\"0\">\n\t\t\t\t\t\t<i aria-hidden=\"true\" class=\"eicon-chevron-left\"><\/i>\t\t\t\t\t<\/div>\n\t\t\t\t\t<div class=\"elementor-swiper-button elementor-swiper-button-next\" role=\"button\" tabindex=\"0\">\n\t\t\t\t\t\t<i aria-hidden=\"true\" class=\"eicon-chevron-right\"><\/i>\t\t\t\t\t<\/div>\n\t\t\t\t\n\t\t\t\t\t\t\t\t\t<div class=\"swiper-pagination\"><\/div>\n\t\t\t\t\t\t\t\t\t<\/div>\n\t\t\t\t<\/div>\n\t\t\t\t<\/div>\n\t\t\t\t\t<\/div>\n\t\t<\/div>\n\t\t\t\t\t\t\t<\/div>\n\t\t<\/section>\n\t\t\t\t<section class=\"elementor-section elementor-top-section elementor-element elementor-element-072af72 elementor-section-boxed elementor-section-height-default elementor-section-height-default\" data-id=\"072af72\" data-element_type=\"section\">\n\t\t\t\t\t\t<div class=\"elementor-container elementor-column-gap-default\">\n\t\t\t\t\t<div class=\"elementor-column elementor-col-100 elementor-top-column elementor-element elementor-element-5bbfb9a\" data-id=\"5bbfb9a\" data-element_type=\"column\">\n\t\t\t<div class=\"elementor-widget-wrap elementor-element-populated\">\n\t\t\t\t\t\t\t\t<div class=\"elementor-element elementor-element-1777bfa elementor-widget elementor-widget-heading\" data-id=\"1777bfa\" data-element_type=\"widget\" data-widget_type=\"heading.default\">\n\t\t\t\t<div class=\"elementor-widget-container\">\n\t\t\t<h5 class=\"elementor-heading-title elementor-size-default\">\u00bfQu\u00e9 son los primeros auxilios?<\/h5>\t\t<\/div>\n\t\t\t\t<\/div>\n\t\t\t\t\t<\/div>\n\t\t<\/div>\n\t\t\t\t\t\t\t<\/div>\n\t\t<\/section>\n\t\t\t\t<section class=\"elementor-section elementor-top-section elementor-element elementor-element-8ed90d9 elementor-section-boxed elementor-section-height-default elementor-section-height-default\" data-id=\"8ed90d9\" data-element_type=\"section\">\n\t\t\t\t\t\t<div class=\"elementor-container elementor-column-gap-default\">\n\t\t\t\t\t<div class=\"elementor-column elementor-col-100 elementor-top-column elementor-element elementor-element-bea82ff\" data-id=\"bea82ff\" data-element_type=\"column\">\n\t\t\t<div class=\"elementor-widget-wrap elementor-element-populated\">\n\t\t\t\t\t\t\t\t<div class=\"elementor-element elementor-element-6c81c3c elementor-widget elementor-widget-text-editor\" data-id=\"6c81c3c\" data-element_type=\"widget\" data-widget_type=\"text-editor.default\">\n\t\t\t\t<div class=\"elementor-widget-container\">\n\t\t\t\t\t\t\t<p class=\"MsoNormal\" style=\"margin:0cm 0cm 10pt;line-height:115%;font-size:11pt;font-family:Calibri,&quot;sans-serif&quot;\">Los primeros auxilios son procedimientos y t\u00e9cnicas de\natenci\u00f3n m\u00e9dica inicial que se aplican a una persona que ha sufrido una lesi\u00f3n\no enfermedad s\u00fabita hasta que llegue la atenci\u00f3n m\u00e9dica profesional. El\nobjetivo de los primeros auxilios es proporcionar cuidados b\u00e1sicos y r\u00e1pidos\npara estabilizar la situaci\u00f3n de la persona afectada y minimizar el riesgo de\ncomplicaciones graves o incluso salvar vidas. Los primeros auxilios pueden ser\ncruciales en situaciones de emergencia, como accidentes, lesiones deportivas,\nataques card\u00edacos, quemaduras, heridas, ahogamientos, convulsiones, entre\notros.<\/p>\n\n<p class=\"MsoNormal\" style=\"margin:0cm 0cm 10pt;line-height:115%;font-size:11pt;font-family:Calibri,&quot;sans-serif&quot;\">Algunas de las acciones comunes que se realizan en primeros\nauxilios incluyen:<\/p>\n\n<p class=\"MsoNormal\" style=\"margin:0cm 0cm 10pt;line-height:115%;font-size:11pt;font-family:Calibri,&quot;sans-serif&quot;\">Evaluaci\u00f3n de la situaci\u00f3n: Determinar si el entorno es\nseguro para el socorrista y la v\u00edctima, y evaluar la gravedad de la situaci\u00f3n.<\/p>\n\n<p class=\"MsoNormal\" style=\"margin:0cm 0cm 10pt;line-height:115%;font-size:11pt;font-family:Calibri,&quot;sans-serif&quot;\">Llamada a servicios de emergencia: En situaciones graves,\ncomo accidentes automovil\u00edsticos o problemas card\u00edacos, se debe llamar al\nn\u00famero de emergencia m\u00e9dica (911 en muchos pa\u00edses) antes de administrar primeros\nauxilios.<\/p>\n\n<p class=\"MsoNormal\" style=\"margin:0cm 0cm 10pt;line-height:115%;font-size:11pt;font-family:Calibri,&quot;sans-serif&quot;\">Resucitaci\u00f3n cardiopulmonar (RCP): La RCP se utiliza cuando\nuna persona ha dejado de respirar o su coraz\u00f3n ha dejado de latir. Consiste en\ncompresiones tor\u00e1cicas y, a menudo, ventilaci\u00f3n boca a boca para mantener la\ncirculaci\u00f3n sangu\u00ednea y el suministro de ox\u00edgeno al cerebro hasta que llegue\nayuda m\u00e9dica.<\/p>\n\n<p class=\"MsoNormal\" style=\"margin:0cm 0cm 10pt;line-height:115%;font-size:11pt;font-family:Calibri,&quot;sans-serif&quot;\">Control de hemorragias: Detener el sangrado mediante la\naplicaci\u00f3n de presi\u00f3n directa en la herida, elevando la extremidad afectada y\nutilizando ap\u00f3sitos y vendajes.<\/p>\n\n<p class=\"MsoNormal\" style=\"margin:0cm 0cm 10pt;line-height:115%;font-size:11pt;font-family:Calibri,&quot;sans-serif&quot;\">Inmovilizaci\u00f3n: Evitar movimientos innecesarios en casos de\nlesiones en huesos o articulaciones, como fracturas, mediante la inmovilizaci\u00f3n\ncon tablillas o f\u00e9rulas.<\/p>\n\n<p class=\"MsoNormal\" style=\"margin:0cm 0cm 10pt;line-height:115%;font-size:11pt;font-family:Calibri,&quot;sans-serif&quot;\">Apoyo emocional: Proporcionar apoyo psicol\u00f3gico a la persona\nafectada para reducir el estr\u00e9s y la ansiedad.<\/p>\n\n<p class=\"MsoNormal\" style=\"margin:0cm 0cm 10pt;line-height:115%;font-size:11pt;font-family:Calibri,&quot;sans-serif&quot;\">Administraci\u00f3n de medicamentos: En algunos casos, como\nalergias graves, es necesario administrar medicamentos de emergencia como la\nepinefrina.<\/p>\n\n<p class=\"MsoNormal\" style=\"margin:0cm 0cm 10pt;line-height:115%;font-size:11pt;font-family:Calibri,&quot;sans-serif&quot;\">Es importante destacar que los primeros auxilios requieren\nconocimientos y habilidades espec\u00edficas, por lo que es recomendable recibir\ncapacitaci\u00f3n en primeros auxilios de fuentes confiables, como organizaciones de\nsalud o socorro. Los socorristas deben actuar con cuidado y dentro de sus\nl\u00edmites de conocimiento y habilidades, y siempre buscar ayuda m\u00e9dica profesional\ncuando sea necesario.<\/p><p><\/p>\t\t\t\t\t\t<\/div>\n\t\t\t\t<\/div>\n\t\t\t\t\t<\/div>\n\t\t<\/div>\n\t\t\t\t\t\t\t<\/div>\n\t\t<\/section>\n\t\t\t\t<section class=\"elementor-section elementor-top-section elementor-element elementor-element-b4c55eb elementor-section-boxed elementor-section-height-default elementor-section-height-default\" data-id=\"b4c55eb\" data-element_type=\"section\">\n\t\t\t\t\t\t<div class=\"elementor-container elementor-column-gap-default\">\n\t\t\t\t\t<div class=\"elementor-column elementor-col-100 elementor-top-column elementor-element elementor-element-1f8ec5e\" data-id=\"1f8ec5e\" data-element_type=\"column\">\n\t\t\t<div class=\"elementor-widget-wrap elementor-element-populated\">\n\t\t\t\t\t\t\t\t<div class=\"elementor-element elementor-element-f1832a9 elementor-align-center elementor-widget elementor-widget-button\" data-id=\"f1832a9\" data-element_type=\"widget\" data-widget_type=\"button.default\">\n\t\t\t\t<div class=\"elementor-widget-container\">\n\t\t\t\t\t<div class=\"elementor-button-wrapper\">\n\t\t\t<a class=\"elementor-button elementor-button-link elementor-size-sm\" href=\"https:\/\/tornellihme.com\/index.php\/reserva\/\">\n\t\t\t\t\t\t<span class=\"elementor-button-content-wrapper\">\n\t\t\t\t\t\t<span class=\"elementor-button-text\">PREGUNTA POR NUESTRAS PR\u00d3XIMAS FECHAS<\/span>\n\t\t<\/span>\n\t\t\t\t\t<\/a>\n\t\t<\/div>\n\t\t\t\t<\/div>\n\t\t\t\t<\/div>\n\t\t\t\t\t<\/div>\n\t\t<\/div>\n\t\t\t\t\t\t\t<\/div>\n\t\t<\/section>\n\t\t\t\t\t\t\t<\/div>\n\t\t","protected":false},"excerpt":{"rendered":"<p>CURSO DE PRIMEROS AUXILIOS Los conocimientos de primeros auxilios son universales y pueden marcar la diferencia en situaciones de vida o muerte. Te invitamos a tomar el control de tu capacidad de ayudar. \u00bfQu\u00e9 son los primeros auxilios? Los primeros auxilios son procedimientos y t\u00e9cnicas de atenci\u00f3n m\u00e9dica inicial que se aplican a una persona [&hellip;]<\/p>\n","protected":false},"author":1,"featured_media":0,"parent":0,"menu_order":0,"comment_status":"closed","ping_status":"closed","template":"","meta":[],"_links":{"self":[{"href":"https:\/\/tornellihme.com\/index.php\/wp-json\/wp\/v2\/pages\/834"}],"collection":[{"href":"https:\/\/tornellihme.com\/index.php\/wp-json\/wp\/v2\/pages"}],"about":[{"href":"https:\/\/tornellihme.com\/index.php\/wp-json\/wp\/v2\/types\/page"}],"author":[{"embeddable":true,"href":"https:\/\/tornellihme.com\/index.php\/wp-json\/wp\/v2\/users\/1"}],"replies":[{"embeddable":true,"href":"https:\/\/tornellihme.com\/index.php\/wp-json\/wp\/v2\/comments?post=834"}],"version-history":[{"count":8,"href":"https:\/\/tornellihme.com\/index.php\/wp-json\/wp\/v2\/pages\/834\/revisions"}],"predecessor-version":[{"id":850,"href":"https:\/\/tornellihme.com\/index.php\/wp-json\/wp\/v2\/pages\/834\/revisions\/850"}],"wp:attachment":[{"href":"https:\/\/tornellihme.com\/index.php\/wp-json\/wp\/v2\/media?parent=834"}],"curies":[{"name":"wp","href":"https:\/\/api.w.org\/{rel}","templated":true}]}}